{"id":1811,"date":"2022-06-10T11:14:41","date_gmt":"2022-06-10T09:14:41","guid":{"rendered":"https:\/\/dioguardi-europeanlawfirm.eu\/equipo\/"},"modified":"2025-02-18T16:38:25","modified_gmt":"2025-02-18T15:38:25","slug":"equipo","status":"publish","type":"page","link":"https:\/\/dioguardi-europeanlawfirm.eu\/es\/equipo\/","title":{"rendered":"Equipo"},"content":{"rendered":"\t\t<div data-elementor-type=\"wp-page\" data-elementor-id=\"1811\" class=\"elementor elementor-1811 elementor-191\">\n\t\t\t\t\t\t<section class=\"elementor-section elementor-top-section elementor-element elementor-element-154e9b89 elementor-section-height-min-height elementor-section-content-middle elementor-section-boxed elementor-section-height-default elementor-section-items-middle\" data-id=\"154e9b89\" data-element_type=\"section\" data-settings=\"{&quot;background_background&quot;:&quot;classic&quot;}\">\n\t\t\t\t\t\t\t<div class=\"elementor-background-overlay\"><\/div>\n\t\t\t\t\t\t\t<div class=\"elementor-container elementor-column-gap-no\">\n\t\t\t\t\t<div class=\"elementor-column elementor-col-100 elementor-top-column elementor-element elementor-element-7755be43\" data-id=\"7755be43\" data-element_type=\"column\" data-settings=\"{&quot;background_background&quot;:&quot;classic&quot;}\">\n\t\t\t<div class=\"elementor-widget-wrap elementor-element-populated\">\n\t\t\t\t\t\t<div class=\"elementor-element elementor-element-98a8cdc elementor-widget elementor-widget-heading\" data-id=\"98a8cdc\" data-element_type=\"widget\" data-widget_type=\"heading.default\">\n\t\t\t\t<div class=\"elementor-widget-container\">\n\t\t\t<h2 class=\"elementor-heading-title elementor-size-default\">Equipo<\/h2>\t\t<\/div>\n\t\t\t\t<\/div>\n\t\t\t\t\t<\/div>\n\t\t<\/div>\n\t\t\t\t\t<\/div>\n\t\t<\/section>\n\t\t\t\t<section class=\"elementor-section elementor-top-section elementor-element elementor-element-9361567 elementor-section-boxed elementor-section-height-default elementor-section-height-default\" data-id=\"9361567\" data-element_type=\"section\">\n\t\t\t\t\t\t<div class=\"elementor-container elementor-column-gap-no\">\n\t\t\t\t\t<div class=\"elementor-column elementor-col-50 elementor-top-column elementor-element elementor-element-4f5719d\" data-id=\"4f5719d\" data-element_type=\"column\">\n\t\t\t<div class=\"elementor-widget-wrap elementor-element-populated\">\n\t\t\t\t\t\t<div class=\"elementor-element elementor-element-8c627ea elementor-widget elementor-widget-image\" data-id=\"8c627ea\" data-element_type=\"widget\" data-widget_type=\"image.default\">\n\t\t\t\t<div class=\"elementor-widget-container\">\n\t\t\t\t\t\t\t\t\t\t\t\t\t<img fetchpriority=\"high\" decoding=\"async\" width=\"514\" height=\"670\" src=\"https:\/\/dioguardi-europeanlawfirm.eu\/wp-content\/uploads\/2022\/10\/dioguardi-europeanlawfirm-lawyer-maurizio-dioguardi.jpg\" class=\"attachment-large size-large wp-image-1617\" alt=\"\" srcset=\"https:\/\/dioguardi-europeanlawfirm.eu\/wp-content\/uploads\/2022\/10\/dioguardi-europeanlawfirm-lawyer-maurizio-dioguardi.jpg 514w, https:\/\/dioguardi-europeanlawfirm.eu\/wp-content\/uploads\/2022\/10\/dioguardi-europeanlawfirm-lawyer-maurizio-dioguardi-230x300.jpg 230w\" sizes=\"(max-width: 514px) 100vw, 514px\" \/>\t\t\t\t\t\t\t\t\t\t\t\t\t<\/div>\n\t\t\t\t<\/div>\n\t\t\t\t\t<\/div>\n\t\t<\/div>\n\t\t\t\t<div class=\"elementor-column elementor-col-50 elementor-top-column elementor-element elementor-element-4e2b8f1\" data-id=\"4e2b8f1\" data-element_type=\"column\">\n\t\t\t<div class=\"elementor-widget-wrap elementor-element-populated\">\n\t\t\t\t\t\t<div class=\"elementor-element elementor-element-a250d4c elementor-widget elementor-widget-elementskit-heading\" data-id=\"a250d4c\" data-element_type=\"widget\" data-widget_type=\"elementskit-heading.default\">\n\t\t\t\t<div class=\"elementor-widget-container\">\n\t\t\t<div class=\"ekit-wid-con\" ><div class=\"ekit-heading elementskit-section-title-wraper text_left   ekit_heading_tablet-   ekit_heading_mobile-text_center\"><h6 class=\"elementskit-section-subtitle  \">\n\t\t\t\t\t\tAbogado Senior, Fundador\n\t\t\t\t\t<\/h6><h3 class=\"ekit-heading--title elementskit-section-title \">\n\t\t\t\t\tMaurizio Dioguardi\n\t\t\t\t<\/h3>\t\t\t\t<div class='ekit-heading__description'>\n\t\t\t\t\t<p>Fundador de \u201cDioguardi-European Law Firm\", inscrito en el Ilustre Colegio de Abogados de Madrid y en el Colegio de Abogados de Roma, ejerce como abogado en el \u00e1mbito del Derecho Internacional y de la Uni\u00f3n Europea, con especial referencia al campo del Derecho Mercantil Internacional, asistiendo a peque\u00f1as, medianas y grandes empresas en todos los aspectos principales relativos a los procesos de internacionalizaci\u00f3n y a las inversiones extranjeras directas (propiedad industrial, contrataci\u00f3n internacional, competencia, litigios en el \u00e1mbito europeo e internacional, arbitraje, planificaci\u00f3n fiscal internacional). En este contexto, no obstante, las actividades de asistencia jur\u00eddica y consultor\u00eda se realizan respetando los principios de Empresas y Derechos Humanos reconocidos y aplicados en el \u00e1mbito europeo e internacional, ya que otras \u00e1reas de intervenci\u00f3n son las relativas a la cooperaci\u00f3n internacional al desarrollo, el derecho econ\u00f3mico internacional y las empresas sociales del denominado \"Tercer Sector\" en su proyecci\u00f3n europea e internacional.<\/p>\n<p>La habilitaci\u00f3n inicial para ejercer la abogac\u00eda en Espa\u00f1a result\u00f3, con el tiempo, una interesante oportunidad profesional: razones de proximidad cultural y de afinidad jur\u00eddica que este pa\u00eds tiene con los pa\u00edses de Am\u00e9rica Latina y del \u00e1rea del Caribe, de hecho, le han llevado a adquirir tambi\u00e9n d\u00e9cadas de experiencia en los mercados de M\u00e9xico, Colombia, Argentina, Per\u00fa, Costa Rica y Cuba, hasta el punto de haber ampliado tambi\u00e9n sus competencias profesionales en el \u00e1mbito de la planificaci\u00f3n estrat\u00e9gica de inversiones y en el denominado Business &amp; Culture, as\u00ed como en derecho comparado (civil y mercantil).<\/p>\n<p>Su experiencia en derecho comparado europeo - hispanoamericano, as\u00ed como en el campo de la protecci\u00f3n internacional de los derechos humanos y la cooperaci\u00f3n internacional al desarrollo, le ha valido tambi\u00e9n la asignaci\u00f3n de varias conferencias en la Universidad de Padua, Facultad de Ciencias Pol\u00edticas, dentro del Curso de Formaci\u00f3n Avanzada en \"Estudios Latinoamericanos y del Caribe\" (ediciones 2015 y 2016), as\u00ed como su reciente nombramiento (2022) como Director del \"Centro Internacional para el Estudio de la Paz y la Fraternidad entre los Pueblos\", establecido en la Asociaci\u00f3n Humanitaria \"Semi di Pace\" - ODV, sedes de Tarquinia (VT) y Roma. Anteriormente, tambi\u00e9n ha ocupado puestos docentes en otras universidades italianas, tanto como profesor de \"Derecho mercantil\" (en la Universidad de Roma \"La Sapienza\", Facultad de Derecho, con el profesor Francesco Vassalli, de 2002 a 2012) como profesor contratado de \"Derecho privado\" (en la Universidad Telem\u00e1tica E-Campus, de 2012 a 2013, Novedrate).<\/p>\n<p>En cuanto a su formaci\u00f3n acad\u00e9mica y profesional, tras licenciarse en Derecho en la Universidad de Roma \"La Sapienza\", obtuvo un M\u00e1ster de nivel II en \"Derecho de Sociedades\" en la Universidad de Roma \"Roma Tre\" (2004), un M\u00e1ster de nivel II en \"Resoluci\u00f3n Alternativa de Conflictos\" en la Universidad Telem\u00e1tica E-Campus (2011), la especializaci\u00f3n en \"Derecho Romano\" en la Universidad de Roma \"La Sapienza\" (2015) y el M\u00e1ster de dos a\u00f1os en \"Derecho Romano y Sistemas Jur\u00eddicos Contempor\u00e1neos\" (2022) en la Universidad de Roma \"Tor Vergata\", adem\u00e1s de participar en el Curso de Actualizaci\u00f3n Profesional en Derecho Internacional Privado y Derecho Internacional P\u00fablico en la Academia de Derecho Internacional de La Haya (2019)<\/p>\n\t\t\t\t<\/div>\n\t\t\t<\/div><\/div>\t\t<\/div>\n\t\t\t\t<\/div>\n\t\t\t\t<div class=\"elementor-element elementor-element-6bffc90 elementor-widget elementor-widget-text-editor\" data-id=\"6bffc90\" data-element_type=\"widget\" data-widget_type=\"text-editor.default\">\n\t\t\t\t<div class=\"elementor-widget-container\">\n\t\t\t\t\t\t\t<p><strong>Correo electr\u00f3nico<\/strong>: <a href=\"mailto:maurizio@del-fi.eu\">maurizio@del-fi.eu<\/a><\/p>\n\t\t\t\t\t\t<\/div>\n\t\t\t\t<\/div>\n\t\t\t\t<div class=\"elementor-element elementor-element-d195203 elementor-widget elementor-widget-text-editor\" data-id=\"d195203\" data-element_type=\"widget\" data-widget_type=\"text-editor.default\">\n\t\t\t\t<div class=\"elementor-widget-container\">\n\t\t\t\t\t\t\t<p><strong>Tel\u00e9fono<\/strong>: +39 0651606449<\/p>\n\t\t\t\t\t\t<\/div>\n\t\t\t\t<\/div>\n\t\t\t\t<div class=\"elementor-element elementor-element-970d625 elementor-widget elementor-widget-spacer\" data-id=\"970d625\" data-element_type=\"widget\" data-widget_type=\"spacer.default\">\n\t\t\t\t<div class=\"elementor-widget-container\">\n\t\t\t\t\t<div class=\"elementor-spacer\">\n\t\t\t<div class=\"elementor-spacer-inner\"><\/div>\n\t\t<\/div>\n\t\t\t\t<\/div>\n\t\t\t\t<\/div>\n\t\t\t\t\t<\/div>\n\t\t<\/div>\n\t\t\t\t\t<\/div>\n\t\t<\/section>\n\t\t\t\t<section class=\"elementor-section elementor-top-section elementor-element elementor-element-7663a04 elementor-section-boxed elementor-section-height-default elementor-section-height-default\" data-id=\"7663a04\" data-element_type=\"section\" data-settings=\"{&quot;background_background&quot;:&quot;classic&quot;}\">\n\t\t\t\t\t\t<div class=\"elementor-container elementor-column-gap-no\">\n\t\t\t\t\t<div class=\"elementor-column elementor-col-50 elementor-top-column elementor-element elementor-element-be08ba9\" data-id=\"be08ba9\" data-element_type=\"column\">\n\t\t\t<div class=\"elementor-widget-wrap elementor-element-populated\">\n\t\t\t\t\t\t<div class=\"elementor-element elementor-element-7bd52d6 elementor-widget elementor-widget-image\" data-id=\"7bd52d6\" data-element_type=\"widget\" data-widget_type=\"image.default\">\n\t\t\t\t<div class=\"elementor-widget-container\">\n\t\t\t\t\t\t\t\t\t\t\t\t\t<img decoding=\"async\" width=\"450\" height=\"450\" src=\"https:\/\/dioguardi-europeanlawfirm.eu\/wp-content\/uploads\/2022\/07\/del-fi-simone-dioguardi.jpeg\" class=\"attachment-large size-large wp-image-1537\" alt=\"\" srcset=\"https:\/\/dioguardi-europeanlawfirm.eu\/wp-content\/uploads\/2022\/07\/del-fi-simone-dioguardi.jpeg 450w, https:\/\/dioguardi-europeanlawfirm.eu\/wp-content\/uploads\/2022\/07\/del-fi-simone-dioguardi-300x300.jpeg 300w, https:\/\/dioguardi-europeanlawfirm.eu\/wp-content\/uploads\/2022\/07\/del-fi-simone-dioguardi-150x150.jpeg 150w\" sizes=\"(max-width: 450px) 100vw, 450px\" \/>\t\t\t\t\t\t\t\t\t\t\t\t\t<\/div>\n\t\t\t\t<\/div>\n\t\t\t\t\t<\/div>\n\t\t<\/div>\n\t\t\t\t<div class=\"elementor-column elementor-col-50 elementor-top-column elementor-element elementor-element-0f32ad9\" data-id=\"0f32ad9\" data-element_type=\"column\">\n\t\t\t<div class=\"elementor-widget-wrap elementor-element-populated\">\n\t\t\t\t\t\t<div class=\"elementor-element elementor-element-275384a elementor-widget elementor-widget-elementskit-heading\" data-id=\"275384a\" data-element_type=\"widget\" data-widget_type=\"elementskit-heading.default\">\n\t\t\t\t<div class=\"elementor-widget-container\">\n\t\t\t<div class=\"ekit-wid-con\" ><div class=\"ekit-heading elementskit-section-title-wraper text_left   ekit_heading_tablet-   ekit_heading_mobile-text_center\"><h6 class=\"elementskit-section-subtitle  \">\n\t\t\t\t\t\tJurista, Cofundador\n\t\t\t\t\t<\/h6><h3 class=\"ekit-heading--title elementskit-section-title \">\n\t\t\t\t\tSimone Dioguardi\n\t\t\t\t<\/h3>\t\t\t\t<div class='ekit-heading__description'>\n\t\t\t\t\t<p>Simone se licenci\u00f3 en Derecho en 2019 por la Universidad LUMSA de Roma (tesina en Derecho de la Uni\u00f3n Europea, \"La obligaci\u00f3n de plantear una cuesti\u00f3n prejudicial en virtud del art\u00edculo 267, apartado 3, del TFUE: La jurisprudencia nacional y la jurisprudencia del Tribunal de Justicia de la Uni\u00f3n Europea\"). Tras su graduaci\u00f3n, asisti\u00f3 a una Escuela de Verano de 6 semanas en la Academia de Derecho Internacional de La Haya sobre Derecho Internacional P\u00fablico y Privado, y a continuaci\u00f3n comenz\u00f3 un m\u00e1ster en ingl\u00e9s en Derecho Alimentario en la Universidad LUISS de Roma en 2020 (tesis en Seguridad Alimentaria y Medio Ambiente, \"El derecho a la alimentaci\u00f3n y la protecci\u00f3n del medio ambiente: Lograr la sostenibilidad a trav\u00e9s del Derecho Internacional\").<\/p>\n<p>Durante el M\u00e1ster, Simone fue seleccionado para realizar unas pr\u00e1cticas de 6 meses, posteriormente prorrogadas por otros 6 meses, en el bufete Fratini Vergano \u2013 European Lawyers en Bruselas. Al finalizar el M\u00e1ster, Simone comenz\u00f3 a trabajar en el bufete Fratini Vergano, adquiriendo experiencia en el \u00e1mbito del Derecho mercantil internacional, el Derecho agroalimentario, el Derecho medioambiental y el Derecho de la Uni\u00f3n Europea.<\/p>\n<p>En septiembre de 2021, Simone se incorpor\u00f3 a Dioguardi-European Law Firm como asesor jur\u00eddico. Tambi\u00e9n se uni\u00f3 a una organizaci\u00f3n de voluntarios llamada Asociaci\u00f3n Humanitaria Semi di Pace - ODV, de la que fue elegido Secretario General en 2022. A continuaci\u00f3n, empez\u00f3 a ense\u00f1ar derechos humanos en las escuelas a trav\u00e9s del Centro de Estudios creado por Dioguardi-European Law Firm y Semi di Pace<\/p>\n\t\t\t\t<\/div>\n\t\t\t<\/div><\/div>\t\t<\/div>\n\t\t\t\t<\/div>\n\t\t\t\t<div class=\"elementor-element elementor-element-c22c29d elementor-widget elementor-widget-text-editor\" data-id=\"c22c29d\" data-element_type=\"widget\" data-widget_type=\"text-editor.default\">\n\t\t\t\t<div class=\"elementor-widget-container\">\n\t\t\t\t\t\t\t<p><strong>Correo electr\u00f3nico<\/strong>: <a href=\"mailto:simone@del-fi.eu\">simone@del-fi.eu<\/a><\/p>\n\t\t\t\t\t\t<\/div>\n\t\t\t\t<\/div>\n\t\t\t\t<div class=\"elementor-element elementor-element-69f78f1 elementor-widget elementor-widget-text-editor\" data-id=\"69f78f1\" data-element_type=\"widget\" data-widget_type=\"text-editor.default\">\n\t\t\t\t<div class=\"elementor-widget-container\">\n\t\t\t\t\t\t\t<p><strong>Tel\u00e9fono<\/strong>: +39 0651606449<\/p>\n\t\t\t\t\t\t<\/div>\n\t\t\t\t<\/div>\n\t\t\t\t<div class=\"elementor-element elementor-element-9be3086 elementor-widget elementor-widget-spacer\" data-id=\"9be3086\" data-element_type=\"widget\" data-widget_type=\"spacer.default\">\n\t\t\t\t<div class=\"elementor-widget-container\">\n\t\t\t\t\t<div class=\"elementor-spacer\">\n\t\t\t<div class=\"elementor-spacer-inner\"><\/div>\n\t\t<\/div>\n\t\t\t\t<\/div>\n\t\t\t\t<\/div>\n\t\t\t\t\t<\/div>\n\t\t<\/div>\n\t\t\t\t\t<\/div>\n\t\t<\/section>\n\t\t\t\t<section class=\"elementor-section elementor-top-section elementor-element elementor-element-b55f0ba elementor-section-boxed elementor-section-height-default elementor-section-height-default\" data-id=\"b55f0ba\" data-element_type=\"section\">\n\t\t\t\t\t\t<div class=\"elementor-container elementor-column-gap-no\">\n\t\t\t\t\t<div class=\"elementor-column elementor-col-50 elementor-top-column elementor-element elementor-element-c6ff710\" data-id=\"c6ff710\" data-element_type=\"column\">\n\t\t\t<div class=\"elementor-widget-wrap elementor-element-populated\">\n\t\t\t\t\t\t<div class=\"elementor-element elementor-element-2884f4b elementor-widget elementor-widget-image\" data-id=\"2884f4b\" data-element_type=\"widget\" data-widget_type=\"image.default\">\n\t\t\t\t<div class=\"elementor-widget-container\">\n\t\t\t\t\t\t\t\t\t\t\t\t\t<img decoding=\"async\" width=\"767\" height=\"1020\" src=\"https:\/\/dioguardi-europeanlawfirm.eu\/wp-content\/uploads\/2025\/02\/del-fi-federica-dioguardi-1.jpg\" class=\"attachment-large size-large wp-image-2298\" alt=\"\" srcset=\"https:\/\/dioguardi-europeanlawfirm.eu\/wp-content\/uploads\/2025\/02\/del-fi-federica-dioguardi-1.jpg 767w, https:\/\/dioguardi-europeanlawfirm.eu\/wp-content\/uploads\/2025\/02\/del-fi-federica-dioguardi-1-226x300.jpg 226w\" sizes=\"(max-width: 767px) 100vw, 767px\" \/>\t\t\t\t\t\t\t\t\t\t\t\t\t<\/div>\n\t\t\t\t<\/div>\n\t\t\t\t\t<\/div>\n\t\t<\/div>\n\t\t\t\t<div class=\"elementor-column elementor-col-50 elementor-top-column elementor-element elementor-element-69b3ed0\" data-id=\"69b3ed0\" data-element_type=\"column\">\n\t\t\t<div class=\"elementor-widget-wrap elementor-element-populated\">\n\t\t\t\t\t\t<div class=\"elementor-element elementor-element-3665e2e elementor-widget elementor-widget-elementskit-heading\" data-id=\"3665e2e\" data-element_type=\"widget\" data-widget_type=\"elementskit-heading.default\">\n\t\t\t\t<div class=\"elementor-widget-container\">\n\t\t\t<div class=\"ekit-wid-con\" ><div class=\"ekit-heading elementskit-section-title-wraper text_left   ekit_heading_tablet-   ekit_heading_mobile-text_center\"><h6 class=\"elementskit-section-subtitle  \">\n\t\t\t\t\t\tConsultora in Relaciones Internacionales\n\t\t\t\t\t<\/h6><h3 class=\"ekit-heading--title elementskit-section-title \">\n\t\t\t\t\tFederica Dioguardi\n\t\t\t\t<\/h3>\t\t\t\t<div class='ekit-heading__description'>\n\t\t\t\t\t<p>Federica se licenci\u00f3 en 2015 en Ciencias Pol\u00edticas y Relaciones Internacionales por la Universidad LUMSA de Roma (tesis en Sociolog\u00eda de los fen\u00f3menos pol\u00edticos: \u00abTensiones y terrorismo en el mundo contempor\u00e1neo. Conceptos y perspectivas comparadas\"). Despu\u00e9s de graduarse, se traslad\u00f3 a Irlanda y permaneci\u00f3 all\u00ed durante 6 meses para mejorar sus conocimientos del idioma y en 2020 complet\u00f3 su m\u00e1ster, en ingl\u00e9s, en Estudios Internacionales en la Universidad de 'Roma 3' (tesis en Terrorismo Internacional, \u00abLa ideolog\u00eda de las Brigadas Rojas: desde los inicios hasta el secuestro de Mario Sossi\u00bb).<\/p>\n<p>Durante sus estudios en la Universidad de Roma 3, Federica particip\u00f3 en el simulacro de la ONU en Nueva York, trabajando como delegada del Comit\u00e9 del Programa de las Naciones Unidas para el Desarrollo en la sede de la ONU en Nueva York. Gracias a esta experiencia ha aprendido a redactar informes, documentos de posici\u00f3n y ha perfeccionado t\u00e9cnicas de negociaci\u00f3n, mediaci\u00f3n y oratoria a nivel internacional.<\/p>\n<p>En mayo de 2022, Federica se uni\u00f3 como voluntaria a la asociaci\u00f3n humanitaria Semi di Pace, una experiencia que la introdujo en el mundo de los proyectos internacionales, el seguimiento y la investigaci\u00f3n.<\/p>\n\t\t\t\t<\/div>\n\t\t\t<\/div><\/div>\t\t<\/div>\n\t\t\t\t<\/div>\n\t\t\t\t<div class=\"elementor-element elementor-element-a963d9e elementor-widget elementor-widget-text-editor\" data-id=\"a963d9e\" data-element_type=\"widget\" data-widget_type=\"text-editor.default\">\n\t\t\t\t<div class=\"elementor-widget-container\">\n\t\t\t\t\t\t\t<p><strong>Phone number<\/strong>:\u00a0+39 0651606449<\/p>\t\t\t\t\t\t<\/div>\n\t\t\t\t<\/div>\n\t\t\t\t<div class=\"elementor-element elementor-element-1f37870 elementor-widget elementor-widget-spacer\" data-id=\"1f37870\" data-element_type=\"widget\" data-widget_type=\"spacer.default\">\n\t\t\t\t<div class=\"elementor-widget-container\">\n\t\t\t\t\t<div class=\"elementor-spacer\">\n\t\t\t<div class=\"elementor-spacer-inner\"><\/div>\n\t\t<\/div>\n\t\t\t\t<\/div>\n\t\t\t\t<\/div>\n\t\t\t\t\t<\/div>\n\t\t<\/div>\n\t\t\t\t\t<\/div>\n\t\t<\/section>\n\t\t\t\t<\/div>\n\t\t","protected":false},"excerpt":{"rendered":"<p>Equipo Abogado Senior, Fundador Maurizio Dioguardi Fundador de \u201cDioguardi-European Law Firm\u00bb, inscrito en el Ilustre Colegio de Abogados de Madrid y en el Colegio de Abogados de Roma, ejerce como abogado en el \u00e1mbito del Derecho Internacional y de la Uni\u00f3n Europea, con especial referencia al campo del Derecho Mercantil Internacional, asistiendo a peque\u00f1as, medianas [&hellip;]<\/p>\n","protected":false},"author":1,"featured_media":0,"parent":0,"menu_order":0,"comment_status":"closed","ping_status":"closed","template":"elementor_header_footer","meta":{"footnotes":""},"class_list":["post-1811","page","type-page","status-publish","hentry"],"_links":{"self":[{"href":"https:\/\/dioguardi-europeanlawfirm.eu\/es\/wp-json\/wp\/v2\/pages\/1811","targetHints":{"allow":["GET"]}}],"collection":[{"href":"https:\/\/dioguardi-europeanlawfirm.eu\/es\/wp-json\/wp\/v2\/pages"}],"about":[{"href":"https:\/\/dioguardi-europeanlawfirm.eu\/es\/wp-json\/wp\/v2\/types\/page"}],"author":[{"embeddable":true,"href":"https:\/\/dioguardi-europeanlawfirm.eu\/es\/wp-json\/wp\/v2\/users\/1"}],"replies":[{"embeddable":true,"href":"https:\/\/dioguardi-europeanlawfirm.eu\/es\/wp-json\/wp\/v2\/comments?post=1811"}],"version-history":[{"count":34,"href":"https:\/\/dioguardi-europeanlawfirm.eu\/es\/wp-json\/wp\/v2\/pages\/1811\/revisions"}],"predecessor-version":[{"id":2337,"href":"https:\/\/dioguardi-europeanlawfirm.eu\/es\/wp-json\/wp\/v2\/pages\/1811\/revisions\/2337"}],"wp:attachment":[{"href":"https:\/\/dioguardi-europeanlawfirm.eu\/es\/wp-json\/wp\/v2\/media?parent=1811"}],"curies":[{"name":"wp","href":"https:\/\/api.w.org\/{rel}","templated":true}]}}